{"id":2,"date":"2011-09-06T10:30:24","date_gmt":"2011-09-06T10:30:24","guid":{"rendered":"http:\/\/www.gross-buchwald.de\/?page_id=2"},"modified":"2011-09-12T17:57:17","modified_gmt":"2011-09-12T17:57:17","slug":"beispiel-seite","status":"publish","type":"page","link":"http:\/\/www.gross-buchwald.de\/index.php\/beispiel-seite\/","title":{"rendered":"Gross Buchwald"},"content":{"rendered":"<p>Die l\u00e4ndliche Gemeinde Gro\u00df Buchwald (366 Einwohner) liegt ca. 3 km s\u00fcd\u00f6stlich von Bordesholm an der Landesstra\u00dfe 49. Das Gemeindegebiet (8,94 qkm) liegt in dem Winkel zwischen der in den Bothkamper See flie\u00dfenden Dr\u00f6gen Eider und der aus diesem See wieder herausfliessenden Eider im h\u00fcgeligen Gel\u00e4nde. Gepflegte Vorg\u00e4rten und ein von Linden ums\u00e4umter Dorfplatz mit einer uralten Linde als Mittelpunkt pr\u00e4gen das Bild des Dorfes.<\/p>\n<p>Pferdezucht in Gro\u00df Bochwald Bekannt ist Gro\u00df Buchwald f\u00fcr seine Pferdezucht, insbesondere Holsteiner Reitpferde (Bild), die neben der Landwirtschaft seit vielen Jahren erfolgreich betrieben wird. Die Reitsportgemeinschaft Gro\u00df Buchwald, die Hengststation, ausgeschilderte Reitwege und drei in neuester Zeit erbaute Reithallen erweitern die M\u00f6glichkeiten f\u00fcr den traditionellen Reitsport und den immer beliebter werdenden Pferdetourismus. Viele Reiter kommen von ausw\u00e4rts und haben ihre Pferde in Pension auf den Bauernh\u00f6fen untergebracht.<\/p>\n<p>Gro\u00df Buchwald war mehrfach Sieger im Kreiswettbewerb &#8222;Unser Dorf soll sch\u00f6ner werden&#8220;.<\/p>\n","protected":false},"excerpt":{"rendered":"<p>Die l\u00e4ndliche Gemeinde Gro\u00df Buchwald (366 Einwohner) liegt ca. 3 km s\u00fcd\u00f6stlich von Bordesholm an der Landesstra\u00dfe 49. Das Gemeindegebiet (8,94 qkm) liegt in dem Winkel zwischen der in den Bothkamper See flie\u00dfenden Dr\u00f6gen Eider und der aus diesem See &hellip; <a href=\"http:\/\/www.gross-buchwald.de\/index.php\/beispiel-seite\/\">Weiterlesen <span class=\"meta-nav\">&rarr;<\/span><\/a><\/p>\n","protected":false},"author":1,"featured_media":0,"parent":0,"menu_order":0,"comment_status":"closed","ping_status":"open","template":"","meta":{"footnotes":""},"class_list":["post-2","page","type-page","status-publish","hentry"],"_links":{"self":[{"href":"http:\/\/www.gross-buchwald.de\/index.php\/wp-json\/wp\/v2\/pages\/2","targetHints":{"allow":["GET"]}}],"collection":[{"href":"http:\/\/www.gross-buchwald.de\/index.php\/wp-json\/wp\/v2\/pages"}],"about":[{"href":"http:\/\/www.gross-buchwald.de\/index.php\/wp-json\/wp\/v2\/types\/page"}],"author":[{"embeddable":true,"href":"http:\/\/www.gross-buchwald.de\/index.php\/wp-json\/wp\/v2\/users\/1"}],"replies":[{"embeddable":true,"href":"http:\/\/www.gross-buchwald.de\/index.php\/wp-json\/wp\/v2\/comments?post=2"}],"version-history":[{"count":5,"href":"http:\/\/www.gross-buchwald.de\/index.php\/wp-json\/wp\/v2\/pages\/2\/revisions"}],"predecessor-version":[{"id":1682,"href":"http:\/\/www.gross-buchwald.de\/index.php\/wp-json\/wp\/v2\/pages\/2\/revisions\/1682"}],"wp:attachment":[{"href":"http:\/\/www.gross-buchwald.de\/index.php\/wp-json\/wp\/v2\/media?parent=2"}],"curies":[{"name":"wp","href":"https:\/\/api.w.org\/{rel}","templated":true}]}}